{"id":612,"date":"2016-05-05T10:36:13","date_gmt":"2016-05-05T10:36:13","guid":{"rendered":"http:\/\/splash.stm\/?page_id=612"},"modified":"2022-09-28T15:03:30","modified_gmt":"2022-09-28T13:03:30","slug":"le-mots-des-presidentes","status":"publish","type":"page","link":"https:\/\/demo.asivolley.fr\/index.php\/le-mots-des-presidentes\/","title":{"rendered":"Le club"},"content":{"rendered":"<p>[vc_row full_width=\u00a0\u00bbstretch_row\u00a0\u00bb css=\u00a0\u00bb.vc_custom_1476255884282{margin-top: -33px !important;margin-bottom: 0px !important;padding-bottom: 0px !important;background-color: #ffffff !important;}\u00a0\u00bb][vc_column width=\u00a0\u00bb1\/2&Prime; css=\u00a0\u00bb.vc_custom_1462531430496{padding-top: 0px !important;}\u00a0\u00bb][vc_column_text css=\u00a0\u00bb.vc_custom_1664369504725{margin-bottom: 23px !important;}\u00a0\u00bb]<\/p>\n<h3><strong>Bonjour et bienvenue !<\/strong><\/h3>\n<p>BMV, c&rsquo;est un club, issu du rapprochement des clubs supports des JSA et du SAM, mais c&rsquo;est aussi une \u00e9quipe en Elite f\u00e9minine, Les Burdis.<\/p>\n<p>L\u2019\u00e9quipe des Burdis est celle qui \u00e9volue au plus haut niveau de volley-ball f\u00e9minin en Nouvelle-Aquitaine : la division Elite est la derni\u00e8re \u00e9tape avant la Pro F\u00e9minine.<\/p>\n<p>Depuis 2019, le club est copr\u00e9sid\u00e9 par B\u00e9atrice Knoepfler et Val\u00e9rie Pull.[\/vc_column_text][vc_column_text]<\/p>\n<h3>Le palais des sports de Bordeaux<\/h3>\n<p>BMV est club r\u00e9sident du Palais des Sports de Bordeaux, une salle exceptionnelle d&rsquo;une capacit\u00e9 de plus de 2 700 places, accessible \u00e0 tous les publics.<br \/>\nA chaque match, notre \u00e9quipe de b\u00e9n\u00e9voles est mobilis\u00e9e pour accueillir le public et les partenaires.<br \/>\nUne buvette proposant de la petite restauration et de quoi d\u00e9salt\u00e9rer enfants, ados et adultes est ouverte \u00e0 chaque match.[\/vc_column_text][\/vc_column][vc_column width=\u00a0\u00bb1\/2&Prime;][vc_single_image image=\u00a0\u00bb2681&Prime; img_size=\u00a0\u00bbfull\u00a0\u00bb onclick=\u00a0\u00bblink_image\u00a0\u00bb css_animation=\u00a0\u00bbright-to-left\u00a0\u00bb css=\u00a0\u00bb.vc_custom_1569583853559{margin-top: 48px !important;margin-bottom: 36px !important;}\u00a0\u00bb][vc_column_text]<\/p>\n<h3><strong>Pas de partenaires, pas de club<\/strong><\/h3>\n<p>Il est \u00e9galement tr\u00e8s important pour nous de saluer et de remercier l&rsquo;ensemble de nos partenaires publics et priv\u00e9s, dont tous les logos apparaissent sur notre site.<\/p>\n<p>Leur adh\u00e9sion aux valeurs d&rsquo;\u00e9galit\u00e9, d&rsquo;\u00e9quit\u00e9 et d&rsquo;ouverture que nous d\u00e9fendons est pour nous fondamentale : nous sommes fi\u00e8res de porter leurs couleurs et de les avoir \u00e0 nos c\u00f4t\u00e9s.<\/p>\n<p>[\/vc_column_text][\/vc_column][\/vc_row][vc_row][vc_column][vc_column_text]<\/p>\n<h3><strong>Et nos b\u00e9n\u00e9voles\u00a0!!!!<\/strong><\/h3>\n<p>Enfin, un immense merci \u00e0 nos b\u00e9n\u00e9voles, qui se mobilisent \u00e0 chaque rencontre pour que le public passe un tr\u00e8s bon moment\u00a0!<\/p>\n<p>B\u00e9n\u00e9vole, le Bureau directeur l&rsquo;est aussi : notre ambition est de professionnaliser BMV pour lui faire atteindre les \u00e9toiles, en pla\u00e7ant les bonnes comp\u00e9tences au bon endroit, nous faisons tout pour y parvenir.<br \/>\nEt tout cela avec vous : bienvenue au Palais des Sports pour soutenir notre \u00e9quipe : c\u2019est VOTRE \u00e9quipe !<\/p>\n<p>&nbsp;<\/p>\n<h4><\/h4>\n<p>[\/vc_column_text][\/vc_column][\/vc_row][vc_row css=\u00a0\u00bb.vc_custom_1569583742402{padding-bottom: 79px !important;}\u00a0\u00bb][vc_column width=\u00a0\u00bb2\/3&Prime; css=\u00a0\u00bb.vc_custom_1476350633477{padding-top: 0px !important;padding-bottom: 0px !important;}\u00a0\u00bb][stm_coach_excerption title=\u00a0\u00bbEntraineur saison 2020-2021 : Guillaume CONDAMIN\u00a0\u00bb photo=\u00a0\u00bb3490&Prime;][vc_separator][stm_coach_excerption excerption=\u00a0\u00bbNous sommes enchant\u00e9es de vous pr\u00e9senter Anthony Boulfi\u00e9, entraineur-adjoint depuis la saison 2019-2020. Form\u00e9 aux JSA Volley-ball, puis joueur au SAM Volley-ball, il a entra\u00een\u00e9 un paquet d&rsquo;\u00e9quipes jeunes, mais aussi les N3 masculines et f\u00e9minines du SAM Volley Ball.\u00a0\u00bb photo=\u00a0\u00bb3554&Prime; title=\u00a0\u00bbEntraineur-adjoint : Anthony Boulfi\u00e9\u00a0\u00bb][\/vc_column][vc_column width=\u00a0\u00bb1\/3&Prime; el_class=\u00a0\u00bbstm-gray-bg\u00a0\u00bb css=\u00a0\u00bb.vc_custom_1476350657725{padding-top: 0px !important;padding-bottom: 0px !important;}\u00a0\u00bb][vc_column_text css=\u00a0\u00bb.vc_custom_1569409286178{margin-bottom: 21px !important;}\u00a0\u00bb]<\/p>\n<h3>Le bureau<\/h3>\n<p>[\/vc_column_text][stm_icon_list]<strong>Co-pr\u00e9sidente :<\/strong> Val\u00e9rie Pull<br \/>\n<strong>Co-pr\u00e9sidente :<\/strong> B\u00e9atrice Knoepfler<\/p>\n<p><strong>Secr\u00e9taire<\/strong> : Eric Gastellu<br \/>\n<b>Directeur sportif et Tr\u00e9sorier : <\/b>Julien Blaise<\/p>\n<p><strong>Responsable b\u00e9n\u00e9voles<\/strong> : Josette Castagnet<\/p>\n<p><strong>Responsable Logistique<\/strong> : Eric M\u00e9dioni<\/p>\n<p><strong>Responsable \u00e9quipements et RH<\/strong> : Herv\u00e9 Thiry<\/p>\n<p><strong>Responsable billetterie<\/strong> : Micka\u00ebl Trividic<\/p>\n<p><strong>Responsable \u00e9v\u00e9nementiel<\/strong> : Rosalie Azcarraga<\/p>\n<p><strong>Responsable partenaires BMV-e<\/strong> : Guillaume Garcia<\/p>\n<p>Le bureau est organis\u00e9 en commissions :<\/p>\n<p><strong>Commission Partenariat<\/strong> : Val\u00e9rie Pull, B\u00e9atrice Knoepfler, Guillaume Garcia<\/p>\n<p><strong>Commission Communication<\/strong> : B\u00e9atrice Knoepfler, Herv\u00e9 Thiry<\/p>\n<p><strong>Commission Finances<\/strong> : Val\u00e9rie Pull, Julien Blaise<\/p>\n<p><strong>Commission \u00e9v\u00e9nementielle<\/strong> : B\u00e9atrice Knoepfler, Herv\u00e9 Thiry, Rosalie Azcarraga.[\/stm_icon_list][vc_btn title=\u00a0\u00bbPour nous contacter : c&rsquo;est l\u00e0 !\u00a0\u00bb color=\u00a0\u00bbmulled-wine\u00a0\u00bb link=\u00a0\u00bburl:%2Findex.php%2Fcontact%2F|||\u00a0\u00bb][\/vc_column][\/vc_row]<\/p>\n","protected":false},"excerpt":{"rendered":"<p>[vc_row full_width=\u00a0\u00bbstretch_row\u00a0\u00bb css=\u00a0\u00bb.vc_custom_1476255884282{margin-top: -33px !important;margin-bottom: 0px !important;padding-bottom: 0px !important;background-color: #ffffff !important;}\u00a0\u00bb][vc_column width=\u00a0\u00bb1\/2&Prime; css=\u00a0\u00bb.vc_custom_1462531430496{padding-top: 0px !important;}\u00a0\u00bb][vc_column_text css=\u00a0\u00bb.vc_custom_1664369504725{margin-bottom: 23px !important;}\u00a0\u00bb] Bonjour et bienvenue ! BMV, c&rsquo;est un club, issu du rapprochement des clubs supports des JSA et du SAM, mais c&rsquo;est aussi une \u00e9quipe en Elite f\u00e9minine, Les Burdis. L\u2019\u00e9quipe des Burdis est celle qui \u00e9volue au&#8230;<\/p>\n","protected":false},"author":1,"featured_media":2681,"parent":0,"menu_order":0,"comment_status":"closed","ping_status":"closed","template":"","meta":[],"_links":{"self":[{"href":"https:\/\/demo.asivolley.fr\/index.php\/wp-json\/wp\/v2\/pages\/612"}],"collection":[{"href":"https:\/\/demo.asivolley.fr\/index.php\/wp-json\/wp\/v2\/pages"}],"about":[{"href":"https:\/\/demo.asivolley.fr\/index.php\/wp-json\/wp\/v2\/types\/page"}],"author":[{"embeddable":true,"href":"https:\/\/demo.asivolley.fr\/index.php\/wp-json\/wp\/v2\/users\/1"}],"replies":[{"embeddable":true,"href":"https:\/\/demo.asivolley.fr\/index.php\/wp-json\/wp\/v2\/comments?post=612"}],"version-history":[{"count":44,"href":"https:\/\/demo.asivolley.fr\/index.php\/wp-json\/wp\/v2\/pages\/612\/revisions"}],"predecessor-version":[{"id":2694,"href":"https:\/\/demo.asivolley.fr\/index.php\/wp-json\/wp\/v2\/pages\/612\/revisions\/2694"}],"wp:featuredmedia":[{"embeddable":true,"href":"https:\/\/demo.asivolley.fr\/index.php\/wp-json\/wp\/v2\/media\/2681"}],"wp:attachment":[{"href":"https:\/\/demo.asivolley.fr\/index.php\/wp-json\/wp\/v2\/media?parent=612"}],"curies":[{"name":"wp","href":"https:\/\/api.w.org\/{rel}","templated":true}]}}