{"id":674,"date":"2016-05-10T04:55:44","date_gmt":"2016-05-10T04:55:44","guid":{"rendered":"http:\/\/splash.stm\/?page_id=674"},"modified":"2019-09-28T15:12:58","modified_gmt":"2019-09-28T13:12:58","slug":"arena","status":"publish","type":"page","link":"https:\/\/demo.asivolley.fr\/index.php\/arena\/","title":{"rendered":"Palais des sports"},"content":{"rendered":"<p>[vc_row full_width=\u00a0\u00bbstretch_row\u00a0\u00bb css=\u00a0\u00bb.vc_custom_1476354021093{margin-bottom: 0px !important;padding-top: 29px !important;padding-bottom: 38px !important;}\u00a0\u00bb][vc_column][vc_single_image image=\u00a0\u00bb2763&Prime; img_size=\u00a0\u00bblarge\u00a0\u00bb][\/vc_column][\/vc_row][vc_row][vc_column width=\u00a0\u00bb1\/2&Prime; css=\u00a0\u00bb.vc_custom_1476354926507{margin-top: 0px !important;margin-bottom: 0px !important;padding-top: 0px !important;padding-bottom: 0px !important;}\u00a0\u00bb][vc_column_text css=\u00a0\u00bb.vc_custom_1563373657721{margin-bottom: 43px !important;}\u00a0\u00bb]Cet espace de plus de 5 000 m2 est situ\u00e9 dans le centre historique de Bordeaux, entre le cours Victor Hugo et le cours Alsace Lorraine. Il accueille des \u00e9quipes professionnelles de basket et de volley-ball, des associations du quartier et des \u00e9tablissements scolaires.[\/vc_column_text][\/vc_column][vc_column width=\u00a0\u00bb1\/2&Prime; css=\u00a0\u00bb.vc_custom_1476354941992{margin-top: 0px !important;margin-bottom: 0px !important;padding-top: 0px !important;padding-bottom: 0px !important;}\u00a0\u00bb][vc_column_text css=\u00a0\u00bb.vc_custom_1563373738655{margin-bottom: 43px !important;}\u00a0\u00bb]Le\u00a0<b>palais des sports de\u00a0Bordeaux<\/b>, abr\u00e9g\u00e9 localement en \u00ab\u00a0le\u00a0<b>Palais des Sports<\/b><sup id=\"cite_ref-Monuments_2-0\" class=\"reference\"><\/sup>\u00a0\u00bb, a \u00e9t\u00e9 construit de 1959 \u00e0 1966 sur l&#8217;emplacement d&rsquo;un ancien march\u00e9 couvert m\u00e9tallique construit \u00e0 la fin du\u00a0<abbr class=\"abbr\" title=\"19\u1d49 si\u00e8cle\"><span class=\"romain\">xix<\/span><sup>e<\/sup><\/abbr>\u00a0si\u00e8cle par\u00a0Charles Burguet, avec du\u00a0plastique\u00a0et du\u00a0b\u00e9ton, comme le voulait le \u00ab\u00a0courant techniciste\u00a0\u00bb des ann\u00e9es 1950. Il est, jusqu&rsquo;\u00e0 la fin des\u00a0ann\u00e9es 1970, utilis\u00e9 de fa\u00e7on majeure pour les \u00e9v\u00e9nements sportifs. Apr\u00e8s avoir \u00e9t\u00e9 utilis\u00e9 par l&rsquo;Op\u00e9ra national de Bordeaux, le Palais des Sports est r\u00e9nov\u00e9 et rendu aux sportifs en\u00a0<time class=\"nowrap\" datetime=\"2016-01\" data-sort-value=\"2016-01\">janvier 2016<\/time>.[\/vc_column_text][\/vc_column][\/vc_row]<\/p>\n","protected":false},"excerpt":{"rendered":"<p>[vc_row full_width=\u00a0\u00bbstretch_row\u00a0\u00bb css=\u00a0\u00bb.vc_custom_1476354021093{margin-bottom: 0px !important;padding-top: 29px !important;padding-bottom: 38px !important;}\u00a0\u00bb][vc_column][vc_single_image image=\u00a0\u00bb2763&Prime; img_size=\u00a0\u00bblarge\u00a0\u00bb][\/vc_column][\/vc_row][vc_row][vc_column width=\u00a0\u00bb1\/2&Prime; css=\u00a0\u00bb.vc_custom_1476354926507{margin-top: 0px !important;margin-bottom: 0px !important;padding-top: 0px !important;padding-bottom: 0px !important;}\u00a0\u00bb][vc_column_text css=\u00a0\u00bb.vc_custom_1563373657721{margin-bottom: 43px !important;}\u00a0\u00bb]Cet espace de plus de 5 000 m2 est situ\u00e9 dans le centre historique de Bordeaux, entre le cours Victor Hugo et le cours Alsace Lorraine. Il accueille des \u00e9quipes professionnelles de&#8230;<\/p>\n","protected":false},"author":1,"featured_media":0,"parent":0,"menu_order":0,"comment_status":"closed","ping_status":"closed","template":"","meta":[],"_links":{"self":[{"href":"https:\/\/demo.asivolley.fr\/index.php\/wp-json\/wp\/v2\/pages\/674"}],"collection":[{"href":"https:\/\/demo.asivolley.fr\/index.php\/wp-json\/wp\/v2\/pages"}],"about":[{"href":"https:\/\/demo.asivolley.fr\/index.php\/wp-json\/wp\/v2\/types\/page"}],"author":[{"embeddable":true,"href":"https:\/\/demo.asivolley.fr\/index.php\/wp-json\/wp\/v2\/users\/1"}],"replies":[{"embeddable":true,"href":"https:\/\/demo.asivolley.fr\/index.php\/wp-json\/wp\/v2\/comments?post=674"}],"version-history":[{"count":7,"href":"https:\/\/demo.asivolley.fr\/index.php\/wp-json\/wp\/v2\/pages\/674\/revisions"}],"predecessor-version":[{"id":2766,"href":"https:\/\/demo.asivolley.fr\/index.php\/wp-json\/wp\/v2\/pages\/674\/revisions\/2766"}],"wp:attachment":[{"href":"https:\/\/demo.asivolley.fr\/index.php\/wp-json\/wp\/v2\/media?parent=674"}],"curies":[{"name":"wp","href":"https:\/\/api.w.org\/{rel}","templated":true}]}}